{"id":157,"date":"2025-09-08T00:45:17","date_gmt":"2025-09-08T00:45:17","guid":{"rendered":"https:\/\/jazminaguilar.cl\/?page_id=157"},"modified":"2025-09-08T03:06:36","modified_gmt":"2025-09-08T03:06:36","slug":"propuestas","status":"publish","type":"page","link":"https:\/\/jazminaguilar.cl\/?page_id=157","title":{"rendered":"Propuestas"},"content":{"rendered":"\n<div class=\"wp-block-group listner-section has-global-padding is-layout-constrained wp-container-core-group-is-layout-3a0e70c5 wp-block-group-is-layout-constrained\" style=\"padding-top:var(--wp--preset--spacing--50);padding-right:0px;padding-bottom:0;padding-left:0px\">\n<h3 class=\"wp-block-heading has-text-align-center section-heading has-secondary-color has-text-color has-link-color wp-elements-d9fbfd6ced88b09fe57d760ab206dbe4\" style=\"margin-top:var(--wp--preset--spacing--40);margin-bottom:0;font-size:35px;font-style:normal;font-weight:700;line-height:1.2\">Los ejes de mi trabajo<\/h3>\n\n\n\n<h4 class=\"wp-block-heading has-text-align-center has-primary-color has-text-color has-link-color wp-elements-478a88765f72915a3f19cbae4543bf10\" style=\"font-size:16px;font-style:normal;font-weight:600;letter-spacing:2px;text-transform:uppercase\">compromiso real con la inclusi\u00f3n y las comunidades de Valpara\u00edso\u201d<\/h4>\n<\/div>\n\n\n\n<div class=\"wp-block-cover alignfull is-light\" style=\"border-radius:0px;min-height:99px;aspect-ratio:unset;\"><span aria-hidden=\"true\" class=\"wp-block-cover__background has-background-dim-100 has-background-dim\" style=\"background-color:#ffffff\"><\/span><div class=\"wp-block-cover__inner-container is-layout-flow wp-block-cover-is-layout-flow\">\n<div class=\"wp-block-media-text alignwide is-stacked-on-mobile is-vertically-aligned-center is-image-fill-element has-border-color has-secondary-border-color\" style=\"border-style:dotted;border-width:5px;border-radius:0px;margin-top:0;margin-bottom:0;padding-top:var(--wp--preset--spacing--30);padding-right:var(--wp--preset--spacing--30);padding-bottom:var(--wp--preset--spacing--30);padding-left:var(--wp--preset--spacing--30);grid-template-columns:56% auto\"><figure class=\"wp-block-media-text__media\"><img loading=\"lazy\" decoding=\"async\" width=\"500\" height=\"500\" src=\"https:\/\/jazminaguilar.cl\/wp-content\/uploads\/2025\/09\/salud-mental.png\" alt=\"\" class=\"wp-image-56 size-full\" style=\"object-position:56% 27%\" srcset=\"https:\/\/jazminaguilar.cl\/wp-content\/uploads\/2025\/09\/salud-mental.png 500w, https:\/\/jazminaguilar.cl\/wp-content\/uploads\/2025\/09\/salud-mental-300x300.png 300w, https:\/\/jazminaguilar.cl\/wp-content\/uploads\/2025\/09\/salud-mental-150x150.png 150w\" sizes=\"auto, (max-width: 500px) 100vw, 500px\" \/><\/figure><div class=\"wp-block-media-text__content\">\n<h2 class=\"wp-block-heading has-text-align-center has-secondary-color has-text-color\" style=\"font-size:32px\"><strong>Salud mental como prioridad nacional<\/strong><\/h2>\n\n\n\n<p class=\"has-primary-color has-text-color\" style=\"font-size:17px\">Impulsar pol\u00edticas que garanticen atenci\u00f3n oportuna, cobertura universal y programas de prevenci\u00f3n desde la infancia.<\/p>\n\n\n\n<div class=\"wp-block-buttons is-layout-flex wp-block-buttons-is-layout-flex\"><\/div>\n<\/div><\/div>\n<\/div><\/div>\n\n\n\n<p><\/p>\n\n\n\n<div class=\"wp-block-cover alignfull is-light\" style=\"border-style:none;border-width:0px;margin-top:0;margin-bottom:0;padding-top:0;padding-right:0;padding-bottom:0;padding-left:0;min-height:320px;aspect-ratio:unset;\"><span aria-hidden=\"true\" class=\"wp-block-cover__background has-background-dim-100 has-background-dim\" style=\"background-color:#ffffff\"><\/span><div class=\"wp-block-cover__inner-container is-layout-flow wp-container-core-cover-is-layout-8108f415 wp-block-cover-is-layout-flow\">\n<div class=\"wp-block-media-text alignwide has-media-on-the-right is-stacked-on-mobile is-vertically-aligned-center is-image-fill-element has-border-color has-secondary-border-color\" style=\"border-style:dotted;border-width:5px;margin-top:var(--wp--preset--spacing--30);margin-right:var(--wp--preset--spacing--40);margin-bottom:var(--wp--preset--spacing--30);margin-left:var(--wp--preset--spacing--40);padding-top:var(--wp--preset--spacing--30);padding-right:var(--wp--preset--spacing--30);padding-bottom:var(--wp--preset--spacing--30);padding-left:var(--wp--preset--spacing--30);grid-template-columns:auto 56%\"><div class=\"wp-block-media-text__content\">\n<h2 class=\"wp-block-heading has-text-align-center has-secondary-color has-text-color\" style=\"font-size:32px\"><strong>Inclusi\u00f3n y derechos de las personas con discapacidad<\/strong><\/h2>\n\n\n\n<p class=\"has-primary-color has-text-color\" style=\"font-size:17px\">Acceso igualitario en educaci\u00f3n, empleo, transporte accesible y salud, eliminando barreras f\u00edsicas y sociales.<\/p>\n\n\n\n<div class=\"wp-block-buttons is-layout-flex wp-block-buttons-is-layout-flex\"><\/div>\n<\/div><figure class=\"wp-block-media-text__media\"><img loading=\"lazy\" decoding=\"async\" width=\"500\" height=\"500\" src=\"https:\/\/jazminaguilar.cl\/wp-content\/uploads\/2025\/09\/inclusion.png\" alt=\"\" class=\"wp-image-55 size-full\" style=\"object-position:50% 50%\" srcset=\"https:\/\/jazminaguilar.cl\/wp-content\/uploads\/2025\/09\/inclusion.png 500w, https:\/\/jazminaguilar.cl\/wp-content\/uploads\/2025\/09\/inclusion-300x300.png 300w, https:\/\/jazminaguilar.cl\/wp-content\/uploads\/2025\/09\/inclusion-150x150.png 150w\" sizes=\"auto, (max-width: 500px) 100vw, 500px\" \/><\/figure><\/div>\n<\/div><\/div>\n\n\n\n<div class=\"wp-block-cover alignfull is-light\" style=\"min-height:320px;aspect-ratio:unset;\"><span aria-hidden=\"true\" class=\"wp-block-cover__background has-background-dim-100 has-background-dim\" style=\"background-color:#ffffff\"><\/span><div class=\"wp-block-cover__inner-container is-layout-flow wp-block-cover-is-layout-flow\">\n<div class=\"wp-block-media-text alignwide is-stacked-on-mobile is-vertically-aligned-center is-image-fill-element has-border-color has-secondary-border-color\" style=\"border-style:dotted;border-width:5px;padding-top:var(--wp--preset--spacing--30);padding-right:var(--wp--preset--spacing--30);padding-bottom:var(--wp--preset--spacing--30);padding-left:var(--wp--preset--spacing--30);grid-template-columns:56% auto\"><figure class=\"wp-block-media-text__media\"><img loading=\"lazy\" decoding=\"async\" width=\"500\" height=\"500\" src=\"https:\/\/jazminaguilar.cl\/wp-content\/uploads\/2025\/09\/comunidad.png\" alt=\"\" class=\"wp-image-57 size-full\" style=\"object-position:50% 50%\" srcset=\"https:\/\/jazminaguilar.cl\/wp-content\/uploads\/2025\/09\/comunidad.png 500w, https:\/\/jazminaguilar.cl\/wp-content\/uploads\/2025\/09\/comunidad-300x300.png 300w, https:\/\/jazminaguilar.cl\/wp-content\/uploads\/2025\/09\/comunidad-150x150.png 150w\" sizes=\"auto, (max-width: 500px) 100vw, 500px\" \/><\/figure><div class=\"wp-block-media-text__content\">\n<h2 class=\"wp-block-heading has-text-align-center has-secondary-color has-text-color\" style=\"font-size:32px\"><strong>Personas mayores con dignidad y alegr\u00eda<br><\/strong><\/h2>\n\n\n\n<p class=\"has-primary-color has-text-color\" style=\"font-size:17px\">Pensiones justas, acceso a salud, programas de acompa\u00f1amiento y reconocimiento del rol de quienes han construido nuestro pa\u00eds.<\/p>\n<\/div><\/div>\n<\/div><\/div>\n\n\n\n<div class=\"wp-block-cover alignfull is-light\" style=\"min-height:320px;aspect-ratio:unset;\"><span aria-hidden=\"true\" class=\"wp-block-cover__background has-background-dim-100 has-background-dim\" style=\"background-color:#ffffff\"><\/span><div class=\"wp-block-cover__inner-container is-layout-flow wp-block-cover-is-layout-flow\">\n<div class=\"wp-block-media-text alignwide has-media-on-the-right is-stacked-on-mobile is-vertically-aligned-center is-image-fill-element has-border-color has-secondary-border-color\" style=\"border-style:dotted;border-width:5px;padding-top:var(--wp--preset--spacing--30);padding-right:var(--wp--preset--spacing--30);padding-bottom:var(--wp--preset--spacing--30);padding-left:var(--wp--preset--spacing--30);grid-template-columns:auto 56%\"><div class=\"wp-block-media-text__content\">\n<h2 class=\"wp-block-heading has-secondary-color has-text-color\" style=\"font-size:32px\"><strong>Seguridad en barrios y ciudades<\/strong><\/h2>\n\n\n\n<p class=\"has-primary-color has-text-color\" style=\"font-size:17px\">Promover planes integrales contra la delincuencia y el narcotr\u00e1fico, fortaleciendo la prevenci\u00f3n comunitaria y la seguridad barrial.<\/p>\n<\/div><figure class=\"wp-block-media-text__media\"><img loading=\"lazy\" decoding=\"async\" width=\"500\" height=\"500\" src=\"https:\/\/jazminaguilar.cl\/wp-content\/uploads\/2025\/09\/territorio.png\" alt=\"\" class=\"wp-image-58 size-full\" style=\"object-position:50% 50%\" srcset=\"https:\/\/jazminaguilar.cl\/wp-content\/uploads\/2025\/09\/territorio.png 500w, https:\/\/jazminaguilar.cl\/wp-content\/uploads\/2025\/09\/territorio-300x300.png 300w, https:\/\/jazminaguilar.cl\/wp-content\/uploads\/2025\/09\/territorio-150x150.png 150w\" sizes=\"auto, (max-width: 500px) 100vw, 500px\" \/><\/figure><\/div>\n<\/div><\/div>\n\n\n\n<div class=\"wp-block-cover alignfull is-light\" style=\"min-height:320px;aspect-ratio:unset;\"><span aria-hidden=\"true\" class=\"wp-block-cover__background has-background-dim-100 has-background-dim\" style=\"background-color:#ffffff\"><\/span><div class=\"wp-block-cover__inner-container is-layout-flow wp-block-cover-is-layout-flow\">\n<div class=\"wp-block-media-text alignwide is-stacked-on-mobile is-vertically-aligned-center is-image-fill-element has-border-color has-secondary-border-color\" style=\"border-style:dotted;border-width:5px;padding-top:var(--wp--preset--spacing--30);padding-right:var(--wp--preset--spacing--30);padding-bottom:var(--wp--preset--spacing--30);padding-left:var(--wp--preset--spacing--30);grid-template-columns:56% auto\"><figure class=\"wp-block-media-text__media\"><img loading=\"lazy\" decoding=\"async\" width=\"512\" height=\"512\" src=\"https:\/\/jazminaguilar.cl\/wp-content\/uploads\/2025\/09\/cropped-icono-jazmin.png\" alt=\"\" class=\"wp-image-73 size-full\" style=\"object-position:50% 50%\" srcset=\"https:\/\/jazminaguilar.cl\/wp-content\/uploads\/2025\/09\/cropped-icono-jazmin.png 512w, https:\/\/jazminaguilar.cl\/wp-content\/uploads\/2025\/09\/cropped-icono-jazmin-300x300.png 300w, https:\/\/jazminaguilar.cl\/wp-content\/uploads\/2025\/09\/cropped-icono-jazmin-150x150.png 150w, https:\/\/jazminaguilar.cl\/wp-content\/uploads\/2025\/09\/cropped-icono-jazmin-270x270.png 270w, https:\/\/jazminaguilar.cl\/wp-content\/uploads\/2025\/09\/cropped-icono-jazmin-192x192.png 192w, https:\/\/jazminaguilar.cl\/wp-content\/uploads\/2025\/09\/cropped-icono-jazmin-180x180.png 180w, https:\/\/jazminaguilar.cl\/wp-content\/uploads\/2025\/09\/cropped-icono-jazmin-32x32.png 32w\" sizes=\"auto, (max-width: 512px) 100vw, 512px\" \/><\/figure><div class=\"wp-block-media-text__content\">\n<h2 class=\"wp-block-heading has-secondary-color has-text-color\" style=\"font-size:32px\"><strong>Agua y seguridad h\u00eddrica<br><\/strong><\/h2>\n\n\n\n<p class=\"has-primary-color has-text-color\" style=\"font-size:17px\">Defender el derecho humano al agua, priorizar consumo humano y agricultura local, y proteger cuencas frente a la crisis clim\u00e1tica.<\/p>\n<\/div><\/div>\n<\/div><\/div>\n\n\n\n<p><\/p>\n","protected":false},"excerpt":{"rendered":"<p>Los ejes de mi trabajo compromiso real con la inclusi\u00f3n y las comunidades de Valpara\u00edso\u201d<\/p>\n","protected":false},"author":1,"featured_media":0,"parent":0,"menu_order":0,"comment_status":"closed","ping_status":"closed","template":"","meta":{"footnotes":""},"class_list":["post-157","page","type-page","status-publish","hentry"],"_links":{"self":[{"href":"https:\/\/jazminaguilar.cl\/index.php?rest_route=\/wp\/v2\/pages\/157","targetHints":{"allow":["GET"]}}],"collection":[{"href":"https:\/\/jazminaguilar.cl\/index.php?rest_route=\/wp\/v2\/pages"}],"about":[{"href":"https:\/\/jazminaguilar.cl\/index.php?rest_route=\/wp\/v2\/types\/page"}],"author":[{"embeddable":true,"href":"https:\/\/jazminaguilar.cl\/index.php?rest_route=\/wp\/v2\/users\/1"}],"replies":[{"embeddable":true,"href":"https:\/\/jazminaguilar.cl\/index.php?rest_route=%2Fwp%2Fv2%2Fcomments&post=157"}],"version-history":[{"count":22,"href":"https:\/\/jazminaguilar.cl\/index.php?rest_route=\/wp\/v2\/pages\/157\/revisions"}],"predecessor-version":[{"id":241,"href":"https:\/\/jazminaguilar.cl\/index.php?rest_route=\/wp\/v2\/pages\/157\/revisions\/241"}],"wp:attachment":[{"href":"https:\/\/jazminaguilar.cl\/index.php?rest_route=%2Fwp%2Fv2%2Fmedia&parent=157"}],"curies":[{"name":"wp","href":"https:\/\/api.w.org\/{rel}","templated":true}]}}