{"id":186,"date":"2025-09-08T01:37:13","date_gmt":"2025-09-08T01:37:13","guid":{"rendered":"https:\/\/jazminaguilar.cl\/?page_id=186"},"modified":"2025-09-08T03:14:56","modified_gmt":"2025-09-08T03:14:56","slug":"columnas","status":"publish","type":"page","link":"https:\/\/jazminaguilar.cl\/?page_id=186","title":{"rendered":"Columnas"},"content":{"rendered":"\n<div class=\"wp-block-columns is-layout-flex wp-container-core-columns-is-layout-28f84493 wp-block-columns-is-layout-flex\">\n<div class=\"wp-block-column is-layout-flow wp-block-column-is-layout-flow\">\n<p class=\"has-secondary-color has-text-color has-link-color has-big-font-size wp-elements-d6bd2975f30045df8eef5bd0d0b35208\">Mis Columnas<\/p>\n\n\n\n<p class=\"has-primary-color has-text-color has-link-color has-regular-font-size wp-elements-662d315498f5d958206f2f2344807254\">Ent\u00e9rate de mis actividades, propuestas y reflexiones. Este es un espacio para conversar contigo sobre lo que ocurre en nuestra regi\u00f3n y el pa\u00eds<\/p>\n\n\n\n<p><\/p>\n<\/div>\n<\/div>\n\n\n\n<div class=\"wp-block-columns are-vertically-aligned-center has-border-color has-primary-border-color has-background-background-color has-background is-layout-flex wp-container-core-columns-is-layout-f3e73c6b wp-block-columns-is-layout-flex\" style=\"border-style:solid;border-width:1px;padding-top:var(--wp--preset--spacing--30);padding-right:var(--wp--preset--spacing--30);padding-bottom:var(--wp--preset--spacing--30);padding-left:var(--wp--preset--spacing--30)\">\n<div class=\"wp-block-column is-vertically-aligned-center is-layout-flow wp-block-column-is-layout-flow\">\n<h2 class=\"wp-block-heading has-primary-color has-text-color has-big-font-size\">Una Nueva Provincia Para La Regi\u00f3n De Valpara\u00edso<\/h2>\n\n\n\n<p class=\"has-primary-color has-text-color\" style=\"font-size:17px;line-height:1.1\">Prensa labahiaonline.cl &#8211; 1 de septiembre 2025<\/p>\n\n\n\n<div class=\"wp-block-buttons is-content-justification-center is-layout-flex wp-container-core-buttons-is-layout-a89b3969 wp-block-buttons-is-layout-flex\">\n<div class=\"wp-block-button\"><a class=\"wp-block-button__link has-background-color has-primary-background-color has-text-color has-background has-link-color wp-element-button\" href=\"https:\/\/labahiaonline.cl\/una-nueva-provincia-para-la-region-de-valparaiso-justicia-territorial-para-quintero-puchuncavi-papudo-y-zapallar\">Ver columna<\/a><\/div>\n<\/div>\n\n\n\n<p class=\"has-text-color\" style=\"color:#636363;font-size:17px;line-height:1.1\"><\/p>\n<\/div>\n\n\n\n<div class=\"wp-block-column is-vertically-aligned-center is-layout-flow wp-block-column-is-layout-flow\">\n<figure class=\"wp-block-image aligncenter size-full\"><a href=\"https:\/\/labahiaonline.cl\/una-nueva-provincia-para-la-region-de-valparaiso-justicia-territorial-para-quintero-puchuncavi-papudo-y-zapallar\"><img loading=\"lazy\" decoding=\"async\" width=\"820\" height=\"460\" src=\"https:\/\/jazminaguilar.cl\/wp-content\/uploads\/2025\/09\/Imagen-de-WhatsApp-2025-09-08-a-las-00.11.34_4883db50.jpg\" alt=\"\" class=\"wp-image-243\" srcset=\"https:\/\/jazminaguilar.cl\/wp-content\/uploads\/2025\/09\/Imagen-de-WhatsApp-2025-09-08-a-las-00.11.34_4883db50.jpg 820w, https:\/\/jazminaguilar.cl\/wp-content\/uploads\/2025\/09\/Imagen-de-WhatsApp-2025-09-08-a-las-00.11.34_4883db50-300x168.jpg 300w, https:\/\/jazminaguilar.cl\/wp-content\/uploads\/2025\/09\/Imagen-de-WhatsApp-2025-09-08-a-las-00.11.34_4883db50-768x431.jpg 768w\" sizes=\"auto, (max-width: 820px) 100vw, 820px\" \/><\/a><\/figure>\n<\/div>\n<\/div>\n\n\n\n<div class=\"wp-block-columns are-vertically-aligned-center has-border-color has-primary-border-color has-background-background-color has-background is-layout-flex wp-container-core-columns-is-layout-f3e73c6b wp-block-columns-is-layout-flex\" style=\"border-style:solid;border-width:1px;padding-top:var(--wp--preset--spacing--30);padding-right:var(--wp--preset--spacing--30);padding-bottom:var(--wp--preset--spacing--30);padding-left:var(--wp--preset--spacing--30)\">\n<div class=\"wp-block-column is-vertically-aligned-center is-layout-flow wp-block-column-is-layout-flow\">\n<h2 class=\"wp-block-heading has-primary-color has-text-color has-big-font-size\"><strong>M\u00e1s de 100 dirigentes sociales respaldan la precandidatura a Diputada de Jazm\u00edn Aguilar por el Distrito 8<\/strong><\/h2>\n\n\n\n<p class=\"has-primary-color has-text-color\" style=\"font-size:17px;line-height:1.1\">Por Meg\u00e1fono de La Voz de Maip\u00fa &#8211; 3 de agosto de 2025<\/p>\n\n\n\n<div class=\"wp-block-buttons is-content-justification-center is-layout-flex wp-container-core-buttons-is-layout-a89b3969 wp-block-buttons-is-layout-flex\">\n<div class=\"wp-block-button\"><a class=\"wp-block-button__link has-background-color has-primary-background-color has-text-color has-background has-link-color wp-element-button\" href=\"https:\/\/lavozdemaipu.cl\/jazmin-aguilar-suma-apoyos-para-diputacion\">Ver columna<\/a><\/div>\n<\/div>\n\n\n\n<p class=\"has-text-color\" style=\"color:#636363;font-size:17px;line-height:1.1\"><\/p>\n<\/div>\n\n\n\n<div class=\"wp-block-column is-vertically-aligned-center is-layout-flow wp-block-column-is-layout-flow\">\n<figure class=\"wp-block-image aligncenter size-large\"><a href=\"https:\/\/lavozdemaipu.cl\/jazmin-aguilar-suma-apoyos-para-diputacion\"><img loading=\"lazy\" decoding=\"async\" width=\"1024\" height=\"429\" src=\"https:\/\/jazminaguilar.cl\/wp-content\/uploads\/2025\/09\/jaz3-scaled-1-1024x429.jpg\" alt=\"\" class=\"wp-image-191\" srcset=\"https:\/\/jazminaguilar.cl\/wp-content\/uploads\/2025\/09\/jaz3-scaled-1-1024x429.jpg 1024w, https:\/\/jazminaguilar.cl\/wp-content\/uploads\/2025\/09\/jaz3-scaled-1-300x126.jpg 300w, https:\/\/jazminaguilar.cl\/wp-content\/uploads\/2025\/09\/jaz3-scaled-1-768x322.jpg 768w, https:\/\/jazminaguilar.cl\/wp-content\/uploads\/2025\/09\/jaz3-scaled-1-1536x644.jpg 1536w, https:\/\/jazminaguilar.cl\/wp-content\/uploads\/2025\/09\/jaz3-scaled-1-2048x858.jpg 2048w\" sizes=\"auto, (max-width: 1024px) 100vw, 1024px\" \/><\/a><\/figure>\n<\/div>\n<\/div>\n\n\n\n<div class=\"wp-block-columns are-vertically-aligned-center has-border-color has-primary-border-color has-background-background-color has-background is-layout-flex wp-container-core-columns-is-layout-f3e73c6b wp-block-columns-is-layout-flex\" style=\"border-style:solid;border-width:1px;padding-top:var(--wp--preset--spacing--30);padding-right:var(--wp--preset--spacing--30);padding-bottom:var(--wp--preset--spacing--30);padding-left:var(--wp--preset--spacing--30)\">\n<div class=\"wp-block-column is-vertically-aligned-center is-layout-flow wp-block-column-is-layout-flow\">\n<h2 class=\"wp-block-heading has-primary-color has-text-color has-big-font-size\"><strong><strong>Autismo: La deuda pendiente del Estado<\/strong><\/strong><\/h2>\n\n\n\n<p class=\"has-primary-color has-text-color\" style=\"font-size:17px;line-height:1.1\">Por Jazm\u00edn Aguilar Ortiz &#8211; 2 de abril de 2025<\/p>\n\n\n\n<div class=\"wp-block-buttons is-content-justification-center is-layout-flex wp-container-core-buttons-is-layout-a89b3969 wp-block-buttons-is-layout-flex\">\n<div class=\"wp-block-button\"><a class=\"wp-block-button__link has-background-color has-primary-background-color has-text-color has-background has-link-color wp-element-button\" href=\"https:\/\/lavozdemaipu.cl\/opinion-autismo-la-deuda-pendiente-del-estado\">Ver columna<\/a><\/div>\n<\/div>\n\n\n\n<p class=\"has-text-color\" style=\"color:#636363;font-size:17px;line-height:1.1\"><\/p>\n<\/div>\n\n\n\n<div class=\"wp-block-column is-vertically-aligned-center is-layout-flow wp-block-column-is-layout-flow\">\n<figure class=\"wp-block-image aligncenter size-large\"><a href=\"https:\/\/lavozdemaipu.cl\/opinion-autismo-la-deuda-pendiente-del-estado\"><img loading=\"lazy\" decoding=\"async\" width=\"1024\" height=\"683\" src=\"https:\/\/jazminaguilar.cl\/wp-content\/uploads\/2025\/09\/jazmin-aguilar-para-diputada-1024x683.jpg\" alt=\"\" class=\"wp-image-203\" srcset=\"https:\/\/jazminaguilar.cl\/wp-content\/uploads\/2025\/09\/jazmin-aguilar-para-diputada-1024x683.jpg 1024w, https:\/\/jazminaguilar.cl\/wp-content\/uploads\/2025\/09\/jazmin-aguilar-para-diputada-300x200.jpg 300w, https:\/\/jazminaguilar.cl\/wp-content\/uploads\/2025\/09\/jazmin-aguilar-para-diputada-768x512.jpg 768w, https:\/\/jazminaguilar.cl\/wp-content\/uploads\/2025\/09\/jazmin-aguilar-para-diputada-1536x1024.jpg 1536w, https:\/\/jazminaguilar.cl\/wp-content\/uploads\/2025\/09\/jazmin-aguilar-para-diputada-2048x1365.jpg 2048w\" sizes=\"auto, (max-width: 1024px) 100vw, 1024px\" \/><\/a><\/figure>\n<\/div>\n<\/div>\n\n\n\n<div class=\"wp-block-columns are-vertically-aligned-center has-border-color has-primary-border-color has-background-background-color has-background is-layout-flex wp-container-core-columns-is-layout-f3e73c6b wp-block-columns-is-layout-flex\" style=\"border-style:solid;border-width:1px;padding-top:var(--wp--preset--spacing--30);padding-right:var(--wp--preset--spacing--30);padding-bottom:var(--wp--preset--spacing--30);padding-left:var(--wp--preset--spacing--30)\">\n<div class=\"wp-block-column is-vertically-aligned-center is-layout-flow wp-block-column-is-layout-flow\">\n<h2 class=\"wp-block-heading has-primary-color has-text-color has-big-font-size\"><strong>La salud mental en Chile:&nbsp;un desaf\u00edo&nbsp;y&nbsp;prioridad nacional<\/strong><\/h2>\n\n\n\n<p class=\"has-primary-color has-text-color\" style=\"font-size:17px;line-height:1.1\">Por Jazm\u00edn Aguilar Ortiz &#8211; 20 de julio de 2024<\/p>\n\n\n\n<p class=\"has-primary-color has-text-color\" style=\"font-size:17px;line-height:1.1\"><\/p>\n\n\n\n<div class=\"wp-block-buttons is-content-justification-center is-layout-flex wp-container-core-buttons-is-layout-a89b3969 wp-block-buttons-is-layout-flex\">\n<div class=\"wp-block-button\"><a class=\"wp-block-button__link has-background-color has-primary-background-color has-text-color has-background has-link-color wp-element-button\" href=\"https:\/\/lavozdemaipu.cl\/opinion-la-salud-mental-en-chile-desafio-prioridad\">Ver columna<\/a><\/div>\n<\/div>\n\n\n\n<p class=\"has-text-color\" style=\"color:#636363;font-size:17px;line-height:1.1\"><\/p>\n<\/div>\n\n\n\n<div class=\"wp-block-column is-vertically-aligned-center is-layout-flow wp-block-column-is-layout-flow\">\n<figure class=\"wp-block-image aligncenter size-large\"><a href=\"https:\/\/lavozdemaipu.cl\/opinion-la-salud-mental-en-chile-desafio-prioridad\"><img loading=\"lazy\" decoding=\"async\" width=\"1024\" height=\"709\" src=\"https:\/\/jazminaguilar.cl\/wp-content\/uploads\/2025\/09\/salud-mental-en-chile-1024x709.webp\" alt=\"\" class=\"wp-image-201\" srcset=\"https:\/\/jazminaguilar.cl\/wp-content\/uploads\/2025\/09\/salud-mental-en-chile-1024x709.webp 1024w, https:\/\/jazminaguilar.cl\/wp-content\/uploads\/2025\/09\/salud-mental-en-chile-300x208.webp 300w, https:\/\/jazminaguilar.cl\/wp-content\/uploads\/2025\/09\/salud-mental-en-chile-768x532.webp 768w, https:\/\/jazminaguilar.cl\/wp-content\/uploads\/2025\/09\/salud-mental-en-chile.webp 1300w\" sizes=\"auto, (max-width: 1024px) 100vw, 1024px\" \/><\/a><\/figure>\n<\/div>\n<\/div>\n\n\n\n<p><\/p>\n","protected":false},"excerpt":{"rendered":"<p>Mis Columnas Ent\u00e9rate de mis actividades, propuestas y reflexiones. Este es un espacio para conversar contigo sobre lo que ocurre en nuestra regi\u00f3n y el pa\u00eds Una Nueva Provincia Para La Regi\u00f3n De Valpara\u00edso Prensa labahiaonline.cl &#8211; 1 de septiembre 2025 M\u00e1s de 100 dirigentes sociales respaldan la precandidatura a Diputada de Jazm\u00edn Aguilar por [&hellip;]<\/p>\n","protected":false},"author":1,"featured_media":0,"parent":0,"menu_order":0,"comment_status":"closed","ping_status":"closed","template":"","meta":{"footnotes":""},"class_list":["post-186","page","type-page","status-publish","hentry"],"_links":{"self":[{"href":"https:\/\/jazminaguilar.cl\/index.php?rest_route=\/wp\/v2\/pages\/186","targetHints":{"allow":["GET"]}}],"collection":[{"href":"https:\/\/jazminaguilar.cl\/index.php?rest_route=\/wp\/v2\/pages"}],"about":[{"href":"https:\/\/jazminaguilar.cl\/index.php?rest_route=\/wp\/v2\/types\/page"}],"author":[{"embeddable":true,"href":"https:\/\/jazminaguilar.cl\/index.php?rest_route=\/wp\/v2\/users\/1"}],"replies":[{"embeddable":true,"href":"https:\/\/jazminaguilar.cl\/index.php?rest_route=%2Fwp%2Fv2%2Fcomments&post=186"}],"version-history":[{"count":20,"href":"https:\/\/jazminaguilar.cl\/index.php?rest_route=\/wp\/v2\/pages\/186\/revisions"}],"predecessor-version":[{"id":245,"href":"https:\/\/jazminaguilar.cl\/index.php?rest_route=\/wp\/v2\/pages\/186\/revisions\/245"}],"wp:attachment":[{"href":"https:\/\/jazminaguilar.cl\/index.php?rest_route=%2Fwp%2Fv2%2Fmedia&parent=186"}],"curies":[{"name":"wp","href":"https:\/\/api.w.org\/{rel}","templated":true}]}}