{"id":216,"date":"2025-09-08T02:30:02","date_gmt":"2025-09-08T02:30:02","guid":{"rendered":"https:\/\/jazminaguilar.cl\/?page_id=216"},"modified":"2025-09-08T02:48:00","modified_gmt":"2025-09-08T02:48:00","slug":"sumate","status":"publish","type":"page","link":"https:\/\/jazminaguilar.cl\/?page_id=216","title":{"rendered":"S\u00famate"},"content":{"rendered":"\n<p class=\"has-primary-color has-text-color has-link-color has-big-font-size wp-elements-1bbc15a16d057631692f97b265584b01\"><strong>\u00a1S\u00famate a la campa\u00f1a de Jazm\u00edn Aguilar!<\/strong><\/p>\n\n\n\n<p class=\"has-primary-color has-text-color has-link-color wp-elements-aed2e46153b2310b4c81c0b5246da903\"><br>La campa\u00f1a de Jazm\u00edn es de todas y todos. \u2728<br>Puedes participar como voluntario, compartir nuestras ideas en redes, acompa\u00f1arnos en los encuentros o aportar con tu tiempo y energ\u00eda.<\/p>\n\n\n\n<p class=\"has-primary-color has-text-color has-link-color wp-elements-922bb629f27b85d5e97dee06e136a91d\">Cada acci\u00f3n cuenta para hacer crecer esta <strong>nueva voz en el Senado por la Regi\u00f3n de Valpara\u00edso<\/strong>. \ud83d\udc99\ud83d\udc9a<\/p>\n\n\n\n<p class=\"has-primary-color has-text-color has-link-color wp-elements-4092bdc5ced1e10751bb30c87df1d948\">\ud83d\udc49 S\u00famate hoy y seamos parte del cambio juntas y juntos.<\/p>\n\n\n\n<figure class=\"wp-block-image size-large\"><img loading=\"lazy\" decoding=\"async\" width=\"1024\" height=\"429\" src=\"https:\/\/jazminaguilar.cl\/wp-content\/uploads\/2025\/09\/jaz3-scaled-1-1024x429.jpg\" alt=\"\" class=\"wp-image-191\" srcset=\"https:\/\/jazminaguilar.cl\/wp-content\/uploads\/2025\/09\/jaz3-scaled-1-1024x429.jpg 1024w, https:\/\/jazminaguilar.cl\/wp-content\/uploads\/2025\/09\/jaz3-scaled-1-300x126.jpg 300w, https:\/\/jazminaguilar.cl\/wp-content\/uploads\/2025\/09\/jaz3-scaled-1-768x322.jpg 768w, https:\/\/jazminaguilar.cl\/wp-content\/uploads\/2025\/09\/jaz3-scaled-1-1536x644.jpg 1536w, https:\/\/jazminaguilar.cl\/wp-content\/uploads\/2025\/09\/jaz3-scaled-1-2048x858.jpg 2048w\" sizes=\"auto, (max-width: 1024px) 100vw, 1024px\" \/><\/figure>\n\n\n\n<p><\/p>\n\n\n\n<p><\/p>\n\n\n\n<p class=\"has-text-align-left has-secondary-color has-text-color has-link-color has-big-font-size wp-elements-b2f47aeeb87cc8e3d1cda096dc3feb1f\"><strong>S\u00famate<\/strong><\/p>\n\n\n<style id=\"wpforms-css-vars-221-block-61d38d20-1350-48d8-8756-96375e5aeb4c\">\n\t\t\t\t#wpforms-221.wpforms-block-61d38d20-1350-48d8-8756-96375e5aeb4c {\n\t\t\t\t--wpforms-label-color: #6E245C;\n--wpforms-label-sublabel-color: #D040A7;\n--wpforms-field-text-color: #626B7D;\n--wpforms-button-border-radius: 10px;\n--wpforms-button-background-color: #6E245C;\n--wpforms-field-size-input-height: 43px;\n--wpforms-field-size-input-spacing: 15px;\n--wpforms-field-size-font-size: 16px;\n--wpforms-field-size-line-height: 19px;\n--wpforms-field-size-padding-h: 14px;\n--wpforms-field-size-checkbox-size: 16px;\n--wpforms-field-size-sublabel-spacing: 5px;\n--wpforms-field-size-icon-size: 1;\n--wpforms-label-size-font-size: 16px;\n--wpforms-label-size-line-height: 19px;\n--wpforms-label-size-sublabel-font-size: 14px;\n--wpforms-label-size-sublabel-line-height: 17px;\n--wpforms-button-size-font-size: 17px;\n--wpforms-button-size-height: 41px;\n--wpforms-button-size-padding-h: 15px;\n--wpforms-button-size-margin-top: 10px;\n\n\t\t\t}\n\t\t\t<\/style><div class=\"wpforms-container wpforms-container-full wpforms-block wpforms-block-61d38d20-1350-48d8-8756-96375e5aeb4c wpforms-render-modern\" id=\"wpforms-221\"><form id=\"wpforms-form-221\" class=\"wpforms-validate wpforms-form wpforms-ajax-form\" data-formid=\"221\" method=\"post\" enctype=\"multipart\/form-data\" action=\"\/index.php?rest_route=%2Fwp%2Fv2%2Fpages%2F216\" data-token=\"b0bdab81c033f758fbaa23931d714f27\" data-token-time=\"1778585376\"><noscript class=\"wpforms-error-noscript\">Por favor, activa JavaScript en tu navegador para completar este formulario.<\/noscript><div id=\"wpforms-error-noscript\" style=\"display: none;\">Por favor, activa JavaScript en tu navegador para completar este formulario.<\/div><div class=\"wpforms-field-container\">\t\t<div id=\"wpforms-221-field_2-container\"\n\t\t\tclass=\"wpforms-field wpforms-field-text\"\n\t\t\tdata-field-type=\"text\"\n\t\t\tdata-field-id=\"2\"\n\t\t\t>\n\t\t\t<label class=\"wpforms-field-label\" for=\"wpforms-221-field_2\" >Nombre Celular Disponibilidad<\/label>\n\t\t\t<input type=\"text\" id=\"wpforms-221-field_2\" class=\"wpforms-field-medium\" name=\"wpforms[fields][2]\" >\n\t\t<\/div>\n\t\t<div id=\"wpforms-221-field_1-container\" class=\"wpforms-field wpforms-field-name\" data-field-id=\"1\"><label class=\"wpforms-field-label\" for=\"wpforms-221-field_1\">Nombre <span class=\"wpforms-required-label\" aria-hidden=\"true\">*<\/span><\/label><input type=\"text\" id=\"wpforms-221-field_1\" class=\"wpforms-field-medium wpforms-field-required\" name=\"wpforms[fields][1]\" aria-errormessage=\"wpforms-221-field_1-error\" required><\/div><div id=\"wpforms-221-field_4-container\" class=\"wpforms-field wpforms-field-number\" data-field-id=\"4\"><label class=\"wpforms-field-label\" for=\"wpforms-221-field_4\">N\u00b0 Celular<\/label><input type=\"number\" id=\"wpforms-221-field_4\" class=\"wpforms-field-medium\" name=\"wpforms[fields][4]\" step=\"any\" aria-errormessage=\"wpforms-221-field_4-error\" aria-describedby=\"wpforms-221-field_4-description\" ><div id=\"wpforms-221-field_4-description\" class=\"wpforms-field-description\">+56 9 9999 9999<\/div><\/div><div id=\"wpforms-221-field_3-container\" class=\"wpforms-field wpforms-field-textarea\" data-field-id=\"3\"><label class=\"wpforms-field-label\" for=\"wpforms-221-field_3\">Disponibilidad<\/label><textarea id=\"wpforms-221-field_3\" class=\"wpforms-field-medium\" name=\"wpforms[fields][3]\" aria-errormessage=\"wpforms-221-field_3-error\" ><\/textarea><\/div><script>\n\t\t\t\t( function() {\n\t\t\t\t\tconst style = document.createElement( 'style' );\n\t\t\t\t\tstyle.appendChild( document.createTextNode( '#wpforms-221-field_2-container { position: absolute !important; overflow: hidden !important; display: inline !important; height: 1px !important; width: 1px !important; z-index: -1000 !important; padding: 0 !important; } #wpforms-221-field_2-container input { visibility: hidden; } #wpforms-conversational-form-page #wpforms-221-field_2-container label { counter-increment: none; }' ) );\n\t\t\t\t\tdocument.head.appendChild( style );\n\t\t\t\t\tdocument.currentScript?.remove();\n\t\t\t\t} )();\n\t\t\t<\/script><\/div><!-- .wpforms-field-container --><div class=\"wpforms-submit-container\" ><input type=\"hidden\" name=\"wpforms[id]\" value=\"221\"><input type=\"hidden\" name=\"page_title\" value=\"\"><input type=\"hidden\" name=\"page_url\" value=\"https:\/\/jazminaguilar.cl\/index.php?rest_route=\/wp\/v2\/pages\/216\"><input type=\"hidden\" name=\"url_referer\" value=\"\"><button type=\"submit\" name=\"wpforms[submit]\" id=\"wpforms-submit-221\" class=\"wpforms-submit\" data-alt-text=\"Enviando...\" data-submit-text=\"Enviar\" aria-live=\"assertive\" value=\"wpforms-submit\">Enviar<\/button><img loading=\"lazy\" decoding=\"async\" src=\"https:\/\/jazminaguilar.cl\/wp-content\/plugins\/wpforms-lite\/assets\/images\/submit-spin.svg\" class=\"wpforms-submit-spinner\" style=\"display: none;\" width=\"26\" height=\"26\" alt=\"Cargando\"><\/div><\/form><\/div>  <!-- .wpforms-container -->","protected":false},"excerpt":{"rendered":"<p>\u00a1S\u00famate a la campa\u00f1a de Jazm\u00edn Aguilar! La campa\u00f1a de Jazm\u00edn es de todas y todos. \u2728Puedes participar como voluntario, compartir nuestras ideas en redes, acompa\u00f1arnos en los encuentros o aportar con tu tiempo y energ\u00eda. Cada acci\u00f3n cuenta para hacer crecer esta nueva voz en el Senado por la Regi\u00f3n de Valpara\u00edso. \ud83d\udc99\ud83d\udc9a \ud83d\udc49 [&hellip;]<\/p>\n","protected":false},"author":1,"featured_media":0,"parent":0,"menu_order":0,"comment_status":"closed","ping_status":"closed","template":"","meta":{"footnotes":""},"class_list":["post-216","page","type-page","status-publish","hentry"],"_links":{"self":[{"href":"https:\/\/jazminaguilar.cl\/index.php?rest_route=\/wp\/v2\/pages\/216","targetHints":{"allow":["GET"]}}],"collection":[{"href":"https:\/\/jazminaguilar.cl\/index.php?rest_route=\/wp\/v2\/pages"}],"about":[{"href":"https:\/\/jazminaguilar.cl\/index.php?rest_route=\/wp\/v2\/types\/page"}],"author":[{"embeddable":true,"href":"https:\/\/jazminaguilar.cl\/index.php?rest_route=\/wp\/v2\/users\/1"}],"replies":[{"embeddable":true,"href":"https:\/\/jazminaguilar.cl\/index.php?rest_route=%2Fwp%2Fv2%2Fcomments&post=216"}],"version-history":[{"count":8,"href":"https:\/\/jazminaguilar.cl\/index.php?rest_route=\/wp\/v2\/pages\/216\/revisions"}],"predecessor-version":[{"id":230,"href":"https:\/\/jazminaguilar.cl\/index.php?rest_route=\/wp\/v2\/pages\/216\/revisions\/230"}],"wp:attachment":[{"href":"https:\/\/jazminaguilar.cl\/index.php?rest_route=%2Fwp%2Fv2%2Fmedia&parent=216"}],"curies":[{"name":"wp","href":"https:\/\/api.w.org\/{rel}","templated":true}]}}